{"id":81,"date":"2014-03-23T18:16:49","date_gmt":"2014-03-23T17:16:49","guid":{"rendered":"http:\/\/futter.plattentoni.de\/?page_id=81"},"modified":"2014-03-24T00:14:42","modified_gmt":"2014-03-23T23:14:42","slug":"willkommen","status":"publish","type":"page","link":"https:\/\/futter.plattentoni.de\/?page_id=81","title":{"rendered":"Servusla!"},"content":{"rendered":"<p>Hallo zusammen.<\/p>\n<p>Bei diesem Blog handelt es sich eigentlich nur um einen Versuch, meine pers\u00f6nliche Rezeptsammlung etwas zu verwalten. Mein Ziel ist, alles was ich mal nachgekocht habe, hier fest zu halten. Ich m\u00f6chte niemanden auf die F\u00fc\u00dfe treten, also falls es irgendein Copyright-Problem gibt, f\u00e4nde ich es fair, mich per Email zu kontaktieren, wir k\u00f6nnen \u00fcber alles reden. Das kann ein Link mit Quellenangabe sein, aber auch bis zur L\u00f6schung gehen.<\/p>\n<p>Warum mache ich mir die M\u00fche? Ich koche leidenschaftlich gerne, f\u00fcr mich, f\u00fcr Freunde, eigentlich f\u00fcr alle. Allerdings reicht meine Fantasie und Erfahrung noch nicht aus, eigene Gerichte zu kreieren. Also suche ich mir (meistens im Netz) Rezepte, die mich ansprechen und nehme die als Grundlage her. Es gibt einige Grundrezpte (z.B. f\u00fcr Pfannkuchen, Teige, etc.) die mir ganz gut passen. Um die in der Vielfalt wieder zu finden, will ich die in Zukunft hier ablegen.<\/p>\n<p>Aber auch Variationen von Rezepten, eigene Abwandlungen, die aus der Not heraus (nicht alle Zutaten vorhanden) oder aus geschmacklichen Vorlieben entstehen, will ich hier abspeichern, damit ich sie in Zukunft wiederfinde.<\/p>\n<p>Ansonsten lege ich gro\u00dfen Wert auf gutes Werkzeug in der Werkstatt, und eine K\u00fcche stellt da f\u00fcr mich keine Ausnahme dar. Viele Leute halten mich f\u00fcr einen Spinner, aber das st\u00f6rt mich nicht wirklich \ud83d\ude09 Wenn ich mal Lust habe, lasse ich mich \u00fcber bestimmte Dinge wie <a href=\"http:\/\/www.debuyer.com\/\">Pfannen<\/a>, <a href=\"http:\/\/www.dick.de\/de\/koch_und_fleischerwerkzeuge.php?warengruppe=304&amp;sprache=DE&amp;hauptgruppe=34\">Messer<\/a>, sch\u00e4rfen derselben und viel mehr aus. Wenn ich mal Lust habe &#8230; \ud83d\ude09<\/p>\n<p>Nach dem Essen (und vor dem Essen und \u00fcberhaupt) geht nichts \u00fcber eine guten Espresso. Dieser ist bei mir meist ein Doppio, kommt meistens von <a href=\"https:\/\/de-de.facebook.com\/Amir.Der.KaffeeMann\">Amir, dem Kaffeemann <\/a>in Erlangen, manches mal auch aus der <a href=\"http:\/\/www.quijote-kaffee.de\/\">R\u00f6sterei Quijote Kaffee in Hamburg<\/a> und wird mit Hilfe meiner <a href=\"http:\/\/www.mahlkoenig.de\/produkte\/VARIO-home.html\">Mahlk\u00f6nig Vario home<\/a> und der <a href=\"http:\/\/www.kaffeewiki.de\/index.php?title=Grimac_la_Uno\">Mini Grimac La Uno<\/a> zubereitet.<\/p>\n<p>Gelegentlich wird ein guter Whisky verkostet, aber auch das fr\u00e4nksiche Bier aus meiner fr\u00e4nkischen Heimat Franken darf nicht zu kurz kommen. Das l\u00e4sst sich sehr gut mit meinem anderen Zeitvertreib, dem <a href=\"http:\/\/zabotrailsmain.blogspot.de\/\">Radeln<\/a> verbinden. Das reicht von der gepflegten Biergarten- bzw. Bierkellerausfahrt bis hin zu MTB-Touren, Freeride und Downhill, aber das ist ein anderes Thema.<\/p>\n<p>Nun denn, viel Spa\u00df beim St\u00f6bern, vielleicht findet der ein oder andere ja was f\u00fcr ihn n\u00fctzliches.<\/p>\n<p>&nbsp;<\/p>\n","protected":false},"excerpt":{"rendered":"<p>Hallo zusammen. Bei diesem Blog handelt es sich eigentlich nur um einen Versuch, meine pers\u00f6nliche Rezeptsammlung etwas zu verwalten. Mein Ziel ist, alles was ich mal nachgekocht habe, hier fest zu halten. Ich m\u00f6chte niemanden auf die F\u00fc\u00dfe treten, also &hellip;<\/p>\n<p class=\"read-more\"> <a class=\"more-link\" href=\"https:\/\/futter.plattentoni.de\/?page_id=81\"> <span class=\"screen-reader-text\">Servusla!<\/span> Read More &raquo;<\/a><\/p>\n","protected":false},"author":1,"featured_media":0,"parent":0,"menu_order":0,"comment_status":"open","ping_status":"open","template":"","meta":{"footnotes":""},"class_list":["post-81","page","type-page","status-publish","hentry"],"_links":{"self":[{"href":"https:\/\/futter.plattentoni.de\/index.php?rest_route=\/wp\/v2\/pages\/81","targetHints":{"allow":["GET"]}}],"collection":[{"href":"https:\/\/futter.plattentoni.de\/index.php?rest_route=\/wp\/v2\/pages"}],"about":[{"href":"https:\/\/futter.plattentoni.de\/index.php?rest_route=\/wp\/v2\/types\/page"}],"author":[{"embeddable":true,"href":"https:\/\/futter.plattentoni.de\/index.php?rest_route=\/wp\/v2\/users\/1"}],"replies":[{"embeddable":true,"href":"https:\/\/futter.plattentoni.de\/index.php?rest_route=%2Fwp%2Fv2%2Fcomments&post=81"}],"version-history":[{"count":8,"href":"https:\/\/futter.plattentoni.de\/index.php?rest_route=\/wp\/v2\/pages\/81\/revisions"}],"predecessor-version":[{"id":122,"href":"https:\/\/futter.plattentoni.de\/index.php?rest_route=\/wp\/v2\/pages\/81\/revisions\/122"}],"wp:attachment":[{"href":"https:\/\/futter.plattentoni.de\/index.php?rest_route=%2Fwp%2Fv2%2Fmedia&parent=81"}],"curies":[{"name":"wp","href":"https:\/\/api.w.org\/{rel}","templated":true}]}}